{"id":14,"date":"2018-04-16T13:48:05","date_gmt":"2018-04-16T12:48:05","guid":{"rendered":"https:\/\/insjoanoro.cat\/vendabtt\/?page_id=14"},"modified":"2023-10-15T18:29:12","modified_gmt":"2023-10-15T17:29:12","slug":"venda-de-mtb-de-test","status":"publish","type":"page","link":"https:\/\/insjoanoro.cat\/vendabtt\/venda-de-mtb-de-test\/","title":{"rendered":"Venda de MTB de test"},"content":{"rendered":"<p>El curr\u00edculum dels nostres alumnes del CFGM de Conducci\u00f3 de grups al medi natural especifica que han de provar bicicletes de diferents modalitats.<\/p>\n<p>Per fer-ho possible, adquirim bicicletes de gamma mitja de diferents modalitats, amb la intenci\u00f3 d&#8217;utilitzar-les com a TEST-BIKES i posar-les a la venda al cap d&#8217;un any i uns 500 km. d&#8217;\u00fas, amb un interessant descompte sobre el preu d&#8217;adquisici\u00f3.<\/p>\n<p>En el moment de la venda, es pot demostrar mitjan\u00e7ant els nostres registres, els kil\u00f2metres exactes d&#8217;\u00fas de cada bicicleta.<\/p>\n<p>Les bicicletes es proven sempre sota supervisi\u00f3 del professorat, per la qual cosa han rebut un \u00fas correcte. A m\u00e9s a m\u00e9s, rarament roden en condicions adverses, ja que si hi ha previsi\u00f3 de pluja o fang l&#8217;habitual \u00e9s canviar les sortides de data.<\/p>\n<p><a href=\"https:\/\/insjoanoro.cat\/vendabtt\/2023\/10\/15\/specialized-epic-fsr-comp-2022\/\">Bicicletes actualment a la venda<\/a><\/p>\n<p>&nbsp;<\/p>\n","protected":false},"excerpt":{"rendered":"<div class=\"mh-excerpt\"><p>El curr\u00edculum dels nostres alumnes del CFGM de Conducci\u00f3 de grups al medi natural especifica que han de provar bicicletes de diferents modalitats. Per fer-ho <a class=\"mh-excerpt-more\" href=\"https:\/\/insjoanoro.cat\/vendabtt\/venda-de-mtb-de-test\/\" title=\"Venda de MTB de test\">[&#8230;]<\/a><\/p>\n<\/div>","protected":false},"author":29,"featured_media":0,"parent":0,"menu_order":0,"comment_status":"closed","ping_status":"closed","template":"","meta":{"footnotes":""},"class_list":["post-14","page","type-page","status-publish","hentry"],"_links":{"self":[{"href":"https:\/\/insjoanoro.cat\/vendabtt\/wp-json\/wp\/v2\/pages\/14","targetHints":{"allow":["GET"]}}],"collection":[{"href":"https:\/\/insjoanoro.cat\/vendabtt\/wp-json\/wp\/v2\/pages"}],"about":[{"href":"https:\/\/insjoanoro.cat\/vendabtt\/wp-json\/wp\/v2\/types\/page"}],"author":[{"embeddable":true,"href":"https:\/\/insjoanoro.cat\/vendabtt\/wp-json\/wp\/v2\/users\/29"}],"replies":[{"embeddable":true,"href":"https:\/\/insjoanoro.cat\/vendabtt\/wp-json\/wp\/v2\/comments?post=14"}],"version-history":[{"count":7,"href":"https:\/\/insjoanoro.cat\/vendabtt\/wp-json\/wp\/v2\/pages\/14\/revisions"}],"predecessor-version":[{"id":283,"href":"https:\/\/insjoanoro.cat\/vendabtt\/wp-json\/wp\/v2\/pages\/14\/revisions\/283"}],"wp:attachment":[{"href":"https:\/\/insjoanoro.cat\/vendabtt\/wp-json\/wp\/v2\/media?parent=14"}],"curies":[{"name":"wp","href":"https:\/\/api.w.org\/{rel}","templated":true}]}}