{"id":17,"date":"2018-04-16T14:00:03","date_gmt":"2018-04-16T13:00:03","guid":{"rendered":"https:\/\/insjoanoro.cat\/vendabtt\/?page_id=17"},"modified":"2022-11-03T19:31:08","modified_gmt":"2022-11-03T18:31:08","slug":"venda-de-mtb-de-lloguer","status":"publish","type":"page","link":"https:\/\/insjoanoro.cat\/vendabtt\/venda-de-mtb-de-lloguer\/","title":{"rendered":"Venda de MTB de lloguer"},"content":{"rendered":"<p>El nostre alumnat del CFGM de conducci\u00f3 de grups al medi natural, ha de realitzar sessions pr\u00e0ctiques damunt la bicicleta. Si no disposen d&#8217;una pr\u00f2pia, el centre els facilita una en r\u00e8gim de lloguer per a tot el curs. S\u00f3n bicicletes de gamma mitja-baixa, per\u00f2 amb components de qualitat acceptable: transmissions 2&#215;9 o 3&#215;9, frens de disc hidr\u00e0ulics shimano, llandes de doble fons, suspensi\u00f3 davantera bloquejable&#8230;<\/p>\n<p>Aquestes bicicletes, normalment al cap de 3 cursos es posen a la venda, amb un \u00fas aproximat al voltant dels 1.500-3.000 km. aproximadament, en funci\u00f3 de l&#8217;activitat que els alumnes hagin fet m\u00e9s enll\u00e0 de les sessions obligat\u00f2ries.<\/p>\n<p>Les bicicletes es revisen i reparen cada estiu, controlant els aspectes b\u00e0sics, com desgast de cadena, ajust de canvis, frens, centrat de rodes, desgast dels pneum\u00e0tics&#8230;<\/p>\n<p><a href=\"https:\/\/insjoanoro.cat\/vendabtt\/2022\/11\/03\/venda-bicicletes-rockhopper-comp-tija-telescopica-amb-comandament-al-manillar\/\">Bicicletes actualment a la venda<\/a><\/p>\n","protected":false},"excerpt":{"rendered":"<div class=\"mh-excerpt\"><p>El nostre alumnat del CFGM de conducci\u00f3 de grups al medi natural, ha de realitzar sessions pr\u00e0ctiques damunt la bicicleta. Si no disposen d&#8217;una pr\u00f2pia, <a class=\"mh-excerpt-more\" href=\"https:\/\/insjoanoro.cat\/vendabtt\/venda-de-mtb-de-lloguer\/\" title=\"Venda de MTB de lloguer\">[&#8230;]<\/a><\/p>\n<\/div>","protected":false},"author":29,"featured_media":0,"parent":0,"menu_order":0,"comment_status":"closed","ping_status":"closed","template":"","meta":{"footnotes":""},"class_list":["post-17","page","type-page","status-publish","hentry"],"_links":{"self":[{"href":"https:\/\/insjoanoro.cat\/vendabtt\/wp-json\/wp\/v2\/pages\/17","targetHints":{"allow":["GET"]}}],"collection":[{"href":"https:\/\/insjoanoro.cat\/vendabtt\/wp-json\/wp\/v2\/pages"}],"about":[{"href":"https:\/\/insjoanoro.cat\/vendabtt\/wp-json\/wp\/v2\/types\/page"}],"author":[{"embeddable":true,"href":"https:\/\/insjoanoro.cat\/vendabtt\/wp-json\/wp\/v2\/users\/29"}],"replies":[{"embeddable":true,"href":"https:\/\/insjoanoro.cat\/vendabtt\/wp-json\/wp\/v2\/comments?post=17"}],"version-history":[{"count":4,"href":"https:\/\/insjoanoro.cat\/vendabtt\/wp-json\/wp\/v2\/pages\/17\/revisions"}],"predecessor-version":[{"id":206,"href":"https:\/\/insjoanoro.cat\/vendabtt\/wp-json\/wp\/v2\/pages\/17\/revisions\/206"}],"wp:attachment":[{"href":"https:\/\/insjoanoro.cat\/vendabtt\/wp-json\/wp\/v2\/media?parent=17"}],"curies":[{"name":"wp","href":"https:\/\/api.w.org\/{rel}","templated":true}]}}