{"id":19,"date":"2018-04-16T14:02:19","date_gmt":"2018-04-16T13:02:19","guid":{"rendered":"https:\/\/insjoanoro.cat\/vendabtt\/?page_id=19"},"modified":"2018-04-25T10:24:47","modified_gmt":"2018-04-25T09:24:47","slug":"venda-anticipada-de-mtb-de-test","status":"publish","type":"page","link":"https:\/\/insjoanoro.cat\/vendabtt\/venda-anticipada-de-mtb-de-test\/","title":{"rendered":"Venda &#8220;a la carta&#8221; de MTB de test"},"content":{"rendered":"<p>Un dels factors que condicionen eel nostre programa de les TEST BIKES \u00e9s poder vendre r\u00e0pidament les bicicletes una vegada utilitzades. Per assegurar la venda de les bicicletes, hi ha l&#8217;opci\u00f3 d&#8217;una reserva pr\u00e8via &#8220;a la carta&#8221;. Si el comprador sap quin model vol i el model escollit interessa al centre, es pactarien les condicions de la venda al cap d&#8217;un any.<\/p>\n<p>El comprador ha de ser conscient que:<\/p>\n<ul>\n<li>Haur\u00e0 de pagar una bestreta del 10% del valor de compra que perdria si finalment no executa la compra (i la bicicleta esta en bones condicions estructurals).<\/li>\n<li>Que els alumnes l&#8217;utilitzaran com a TEST BIKE al llarg d&#8217;un curs.<\/li>\n<li>Que no rebr\u00e0 la bicicleta fins al juny de l&#8217;any seg\u00fcent.<\/li>\n<\/ul>\n<p>En el cas de que el centre opti per aquesta possibilitat, s&#8217;oferta una opci\u00f3 de bici d&#8217;una talla i modalitat concreta. Si en algun moment de les tres fases d&#8217;adjudicaci\u00f3 sorgeix algun interessat, aquest ha de proposar el model, i el centre l&#8217;ha d&#8217;acceptar.<\/p>\n","protected":false},"excerpt":{"rendered":"<div class=\"mh-excerpt\"><p>Un dels factors que condicionen eel nostre programa de les TEST BIKES \u00e9s poder vendre r\u00e0pidament les bicicletes una vegada utilitzades. Per assegurar la venda <a class=\"mh-excerpt-more\" href=\"https:\/\/insjoanoro.cat\/vendabtt\/venda-anticipada-de-mtb-de-test\/\" title=\"Venda &#8220;a la carta&#8221; de MTB de test\">[&#8230;]<\/a><\/p>\n<\/div>","protected":false},"author":29,"featured_media":0,"parent":0,"menu_order":0,"comment_status":"closed","ping_status":"closed","template":"","meta":{"footnotes":""},"class_list":["post-19","page","type-page","status-publish","hentry"],"_links":{"self":[{"href":"https:\/\/insjoanoro.cat\/vendabtt\/wp-json\/wp\/v2\/pages\/19","targetHints":{"allow":["GET"]}}],"collection":[{"href":"https:\/\/insjoanoro.cat\/vendabtt\/wp-json\/wp\/v2\/pages"}],"about":[{"href":"https:\/\/insjoanoro.cat\/vendabtt\/wp-json\/wp\/v2\/types\/page"}],"author":[{"embeddable":true,"href":"https:\/\/insjoanoro.cat\/vendabtt\/wp-json\/wp\/v2\/users\/29"}],"replies":[{"embeddable":true,"href":"https:\/\/insjoanoro.cat\/vendabtt\/wp-json\/wp\/v2\/comments?post=19"}],"version-history":[{"count":5,"href":"https:\/\/insjoanoro.cat\/vendabtt\/wp-json\/wp\/v2\/pages\/19\/revisions"}],"predecessor-version":[{"id":35,"href":"https:\/\/insjoanoro.cat\/vendabtt\/wp-json\/wp\/v2\/pages\/19\/revisions\/35"}],"wp:attachment":[{"href":"https:\/\/insjoanoro.cat\/vendabtt\/wp-json\/wp\/v2\/media?parent=19"}],"curies":[{"name":"wp","href":"https:\/\/api.w.org\/{rel}","templated":true}]}}