{"id":6,"date":"2018-04-16T12:33:56","date_gmt":"2018-04-16T11:33:56","guid":{"rendered":"https:\/\/insjoanoro.cat\/vendabtt\/?page_id=6"},"modified":"2022-12-05T14:42:01","modified_gmt":"2022-12-05T13:42:01","slug":"venda-de-mtb-de-segona-ma","status":"publish","type":"page","link":"https:\/\/insjoanoro.cat\/vendabtt\/","title":{"rendered":"INFORMACI\u00d3 GENERAL"},"content":{"rendered":"<p><strong>MATERIAL A LA VENDA:<\/strong><\/p>\n<p>Al nostre centre impartim el cicle formatiu de grau mitj\u00e0 de &#8220;Guiatge d&#8217;activitats f\u00edsico-esportives al medi natural&#8221;.<\/p>\n<p>Degut a aquesta activitat docent, el nostre centre genera una s\u00e8rie de material usat, majorit\u00e0riament bicicletes de muntanya que es renoven peri\u00f2dicament, i que es posen a la venda al final de cada curs.<\/p>\n<p>Es posen a la venda dos tipus de bicicletes:<\/p>\n<p><a href=\"https:\/\/insjoanoro.cat\/vendabtt\/venda-de-mtb-de-test\/\">TEST BIKES:<\/a> models de diferents modalitats de gamma mitja-alta, amb molt poc \u00fas.<\/p>\n<p><a href=\"https:\/\/insjoanoro.cat\/vendabtt\/venda-de-mtb-de-lloguer\/\">BICICLETES DE LLOGUER:<\/a> models de MTB de rally (XC) de gamma mitja-baixa que es renoven als tres anys d&#8217;\u00fas.<\/p>\n<p>En tots els casos el material estar\u00e0 revisat i es lliurar\u00e0 en bon estat de funcionament i sense danys estructurals, per\u00f2 pot presentar senyals del seu \u00fas que afectin a la seva est\u00e8tica, com a material usat que \u00e9s.<\/p>\n<p><strong>INFORMACI\u00d3 SOBRE EL PROCEDIMENT I FASES D&#8217;ADJUDICACI\u00d3:<\/strong><\/p>\n<p>Cada vegada que es preveu la venda d&#8217;un material, es penja una entrada en aquest bloc amb informaci\u00f3 concreta de cada material, preu i calendari de recepci\u00f3 d&#8217;ofertes i de lliurament.<\/p>\n<p>El <strong>criteri d&#8217;adjudicaci\u00f3 del material \u00e9s per ordre de sol\u00b7licitud de compra<\/strong>. Tot i aquest criteri, cal tenir en compte que s&#8217;estableixen <strong>tres fases<\/strong> consecutives en el temps. En una <strong>primera fase<\/strong> es donar\u00e0 prioritat al professorat del cicle que el necessita com a eina de treball. Si el material no \u00e9s adquirit per aquest col\u00b7lectiu, es donar\u00e0 pas a una <strong>segona fase<\/strong>, on es donar\u00e0 prioritat a l&#8217;alumnat i a la resta de treballadors del centre. Si en aquesta segona fase tampoc es concreta la compravenda, hi haur\u00e0 una <strong>tercera fase<\/strong> en la qual s&#8217;obrir\u00e0 la venda a qualsevol comprador.<\/p>\n<p><strong>PRESENTACI\u00d3 DE SOL\u00b7LICITUDS:<\/strong><\/p>\n<p>Si s&#8217;est\u00e0 interessat en algun material dels anunciats, cal realitzar una doble sol\u00b7licitud on-line. Un primer formulari indicant el CODI del material desitjat i un PSEUD\u00d2NIM. Aquest primer formulari fixar\u00e0 l&#8217;ordre de prioritat i les dades incloses seran p\u00fabliques. Tot seguit cal emplenar un segon formulari amb les dades personals i el mateix pseud\u00f2nim, per garantir la privacitat de les dades. Perqu\u00e8 la sol\u00b7licitud sigui v\u00e0lida, s&#8217;han d&#8217;emplenar els dos formularis.<\/p>\n<p>Els formularis per realitzar la sol\u00b7licitud de compra de tots els materials es troba a continuaci\u00f3:<\/p>\n<p><a href=\"https:\/\/forms.gle\/AERsWHisgL6cwTSE9\">FORMULARI DE SOL\u00b7LICITUD 1: CODI BICICLETA I PSEUD\u00d2NIM<\/a><\/p>\n<p><a href=\"https:\/\/forms.gle\/89sLdVr81XufPSY39\">FORMULARI DE SOL\u00b7LICITUD 2: PSEUD\u00d2NIM I DADES PERSONALS<\/a><\/p>\n<p>En l&#8217;enlla\u00e7 a continuaci\u00f3 d&#8217;aquest par\u00e0graf, es pot consultar en temps real totes les sol\u00b7licituds rebudes fins al moment. Aix\u00ed, el sol\u00b7licitant pot comprovar la seva posici\u00f3 de prioritat. Tamb\u00e9 es pot comprovar si hi ha alguna incid\u00e8ncia amb la sol\u00b7licitud realitzada.<\/p>\n<p><a href=\"https:\/\/docs.google.com\/spreadsheets\/d\/11uKU3wpQAbzG8iYWeE69RlFpgxRT4a0FZolfz5nCQ5Y\/edit?usp=sharing\">CONSULTAR LES SOL\u00b7LICITUDS I EL SEU ESTAT<\/a><\/p>\n<p>Cal tenir en compte que <strong>les sol\u00b7licituds realitzades abans de l&#8217;inici de cada fase perdran l&#8217;ordre de prioritat<\/strong> i nom\u00e9s seran contemplades despr\u00e9s de totes les sol\u00b7licituds presentades dins de termini.<\/p>\n<p><strong>ADJUDICACI\u00d3 DEL MATERIAL:<\/strong><\/p>\n<p>Una vegada rebudes les sol\u00b7licituds en temps i forma correcta i seguint l&#8217;ordre de les 3 fases, el centre es posar\u00e0 en contacte amb el primer sol\u00b7licitant de cada material, per concretar els detalls de la compravenda. En el cas que el primer sol\u00b7licitant desisteixi de la compra, es contactaria per ordre de sol\u00b7licitud amb el segon, tercer i successius sol\u00b7licitants fins fer efectiva la compra venda.<\/p>\n<p>En el cas del material que es posi a la venda per un valor superior als 500\u20ac i que tingui un termini de lliurament NO IMMEDIAT, es formalitzar\u00e0 un contracte i s&#8217;abonar\u00e0 una bestreta del 10% del valor de venda del material fins al lliurament del material, on es far\u00e0 efectiu el pagament del 90% restant. En cas de que el comprador no faci finalment efectiva la compra-venda, no tindr\u00e0 dret al reintegrament de l&#8217;import de la bestreta.<\/p>\n<p>En el cas d&#8217;aquest material que es posa a la venda per un valor superior als 500\u20ac amb lliurament no immediat, es podr\u00e0 acordar amb el centre una prova del material en el per\u00edode de temps compr\u00e9s entre la signatura del contracte-pagament de la bestreta i la data de lliurament del material.<\/p>\n<p>Per qualsevol aclariment, poden trucar al centre al 973268399 i demanar pel secretari.<\/p>\n","protected":false},"excerpt":{"rendered":"<div class=\"mh-excerpt\"><p>MATERIAL A LA VENDA: Al nostre centre impartim el cicle formatiu de grau mitj\u00e0 de &#8220;Guiatge d&#8217;activitats f\u00edsico-esportives al medi natural&#8221;. Degut a aquesta activitat <a class=\"mh-excerpt-more\" href=\"https:\/\/insjoanoro.cat\/vendabtt\/\" title=\"INFORMACI\u00d3 GENERAL\">[&#8230;]<\/a><\/p>\n<\/div>","protected":false},"author":29,"featured_media":0,"parent":0,"menu_order":0,"comment_status":"closed","ping_status":"closed","template":"","meta":{"footnotes":""},"class_list":["post-6","page","type-page","status-publish","hentry"],"_links":{"self":[{"href":"https:\/\/insjoanoro.cat\/vendabtt\/wp-json\/wp\/v2\/pages\/6","targetHints":{"allow":["GET"]}}],"collection":[{"href":"https:\/\/insjoanoro.cat\/vendabtt\/wp-json\/wp\/v2\/pages"}],"about":[{"href":"https:\/\/insjoanoro.cat\/vendabtt\/wp-json\/wp\/v2\/types\/page"}],"author":[{"embeddable":true,"href":"https:\/\/insjoanoro.cat\/vendabtt\/wp-json\/wp\/v2\/users\/29"}],"replies":[{"embeddable":true,"href":"https:\/\/insjoanoro.cat\/vendabtt\/wp-json\/wp\/v2\/comments?post=6"}],"version-history":[{"count":25,"href":"https:\/\/insjoanoro.cat\/vendabtt\/wp-json\/wp\/v2\/pages\/6\/revisions"}],"predecessor-version":[{"id":244,"href":"https:\/\/insjoanoro.cat\/vendabtt\/wp-json\/wp\/v2\/pages\/6\/revisions\/244"}],"wp:attachment":[{"href":"https:\/\/insjoanoro.cat\/vendabtt\/wp-json\/wp\/v2\/media?parent=6"}],"curies":[{"name":"wp","href":"https:\/\/api.w.org\/{rel}","templated":true}]}}